{"id":2000,"date":"2022-04-06T11:51:38","date_gmt":"2022-04-06T11:51:38","guid":{"rendered":"https:\/\/archicon.qodeinteractive.com\/?page_id=2000"},"modified":"2022-10-21T23:08:00","modified_gmt":"2022-10-21T23:08:00","slug":"construction-home","status":"publish","type":"page","link":"https:\/\/gar-vel.com.mx\/index.php\/construction-home\/","title":{"rendered":"Construction Home"},"content":{"rendered":"\t\t<div data-elementor-type=\"wp-page\" data-elementor-id=\"2000\" class=\"elementor elementor-2000\">\n\t\t\t\t\t\t<section class=\"elementor-section elementor-top-section elementor-element elementor-element-ec5bc83 elementor-section-full_width elementor-section-height-full elementor-section-items-stretch elementor-section-height-default qodef-elementor-content-no\" data-id=\"ec5bc83\" data-element_type=\"section\">\n\t\t\t\t\t\t<div class=\"elementor-container elementor-column-gap-default\">\n\t\t\t\t\t<div class=\"elementor-column elementor-col-50 elementor-top-column elementor-element elementor-element-6e966ba\" data-id=\"6e966ba\" data-element_type=\"column\">\n\t\t\t<div class=\"elementor-widget-wrap elementor-element-populated\">\n\t\t\t\t\t\t<div class=\"elementor-element elementor-element-633dd1e elementor-widget__width-initial elementor-widget-tablet__width-initial elementor-widget elementor-widget-archicon_core_section_title\" data-id=\"633dd1e\" data-element_type=\"widget\" data-widget_type=\"archicon_core_section_title.default\">\n\t\t\t\t<div class=\"elementor-widget-container\">\n\t\t\t\t\t<div class=\"qodef-shortcode qodef-m  qodef-section-title qodef-alignment--left   qodef-has-appear\"  >\n\t\t\t<h1 class=\"qodef-m-title\" style=\"color: #000000\">\n\t<span class=\"qodef-m-title-inner\" style=\"--qodef-st-custom-fs: 105px;--qodef-st-custom-fs-1680: 80px;--qodef-st-custom-fs-1440: 80px;--qodef-st-custom-fs-1366: 80px;--qodef-st-custom-fs-1024: 80px;--qodef-st-custom-fs-768: 80px;--qodef-st-custom-fs-680: 60px;--qodef-st-custom-lh: 105px;--qodef-st-custom-lh-1680: 80px;--qodef-st-custom-lh-1440: 80px;--qodef-st-custom-lh-1366: 80px;--qodef-st-custom-lh-1024: 80px;--qodef-st-custom-lh-768: 80px;--qodef-st-custom-lh-680: 60px\">\n\t\t\t<span class=\"qodef-m-highlight-text\" ><span class=\"qodef--original\">Encu\u00e9ntranos<\/span><span class=\"qodef--fake\" >Encu\u00e9ntranos<\/span><\/span> muy pronto\t\t<\/span>\n\t<\/h1>\n\t\t<h5 class=\"qodef-m-text\" >\n\t\tP\u00e1gina en construcci\u00f3n\t<\/h5>\n\t<\/div>\n\t\t\t\t<\/div>\n\t\t\t\t<\/div>\n\t\t\t\t\t<\/div>\n\t\t<\/div>\n\t\t\t\t<div class=\"elementor-column elementor-col-50 elementor-top-column elementor-element elementor-element-507ffae\" data-id=\"507ffae\" data-element_type=\"column\">\n\t\t\t<div class=\"elementor-widget-wrap elementor-element-populated\">\n\t\t\t\t\t\t<div class=\"elementor-element elementor-element-3038a00 elementor-widget elementor-widget-archicon_core_image_gallery\" data-id=\"3038a00\" data-element_type=\"widget\" data-widget_type=\"archicon_core_image_gallery.default\">\n\t\t\t\t<div class=\"elementor-widget-container\">\n\t\t\t\t\t<div class=\"qodef-shortcode qodef-m  qodef-image-gallery  qodef--full-height qodef-grid qodef-swiper-container  qodef-gutter--no qodef-col-num--1  qodef-responsive--predefined qodef-swiper-pagination--on\" data-options=\"{&quot;slidesPerView&quot;:&quot;1&quot;,&quot;spaceBetween&quot;:0,&quot;loop&quot;:true,&quot;autoplay&quot;:true,&quot;speed&quot;:&quot;&quot;,&quot;speedAnimation&quot;:&quot;&quot;,&quot;slideAnimation&quot;:&quot;fade&quot;,&quot;outsideNavigation&quot;:&quot;yes&quot;,&quot;unique&quot;:920}\">\n\t<div class=\"swiper-wrapper\">\n\t\t<div class=\"qodef-e qodef-image-wrapper swiper-slide \">\n\t\t\t<img fetchpriority=\"high\" decoding=\"async\" width=\"972\" height=\"1078\" src=\"https:\/\/gar-vel.com.mx\/wp-content\/uploads\/2022\/04\/Rev-home3-img1.jpg\" class=\"attachment-full size-full\" alt=\"s\" srcset=\"https:\/\/gar-vel.com.mx\/wp-content\/uploads\/2022\/04\/Rev-home3-img1.jpg 972w, https:\/\/gar-vel.com.mx\/wp-content\/uploads\/2022\/04\/Rev-home3-img1-600x665.jpg 600w, https:\/\/gar-vel.com.mx\/wp-content\/uploads\/2022\/04\/Rev-home3-img1-271x300.jpg 271w, https:\/\/gar-vel.com.mx\/wp-content\/uploads\/2022\/04\/Rev-home3-img1-923x1024.jpg 923w, https:\/\/gar-vel.com.mx\/wp-content\/uploads\/2022\/04\/Rev-home3-img1-768x852.jpg 768w\" sizes=\"(max-width: 972px) 100vw, 972px\" \/>\t<\/div>\n<div class=\"qodef-e qodef-image-wrapper swiper-slide \">\n\t\t\t<img decoding=\"async\" width=\"972\" height=\"1078\" src=\"https:\/\/gar-vel.com.mx\/wp-content\/uploads\/2022\/04\/Rev-home3-img3.jpg\" class=\"attachment-full size-full\" alt=\"s\" srcset=\"https:\/\/gar-vel.com.mx\/wp-content\/uploads\/2022\/04\/Rev-home3-img3.jpg 972w, https:\/\/gar-vel.com.mx\/wp-content\/uploads\/2022\/04\/Rev-home3-img3-600x665.jpg 600w, https:\/\/gar-vel.com.mx\/wp-content\/uploads\/2022\/04\/Rev-home3-img3-271x300.jpg 271w, https:\/\/gar-vel.com.mx\/wp-content\/uploads\/2022\/04\/Rev-home3-img3-923x1024.jpg 923w, https:\/\/gar-vel.com.mx\/wp-content\/uploads\/2022\/04\/Rev-home3-img3-768x852.jpg 768w\" sizes=\"(max-width: 972px) 100vw, 972px\" \/>\t<\/div>\n<div class=\"qodef-e qodef-image-wrapper swiper-slide \">\n\t\t\t<img decoding=\"async\" width=\"972\" height=\"1078\" src=\"https:\/\/gar-vel.com.mx\/wp-content\/uploads\/2022\/04\/Rev-home3-img2.jpg\" class=\"attachment-full size-full\" alt=\"s\" srcset=\"https:\/\/gar-vel.com.mx\/wp-content\/uploads\/2022\/04\/Rev-home3-img2.jpg 972w, https:\/\/gar-vel.com.mx\/wp-content\/uploads\/2022\/04\/Rev-home3-img2-600x665.jpg 600w, https:\/\/gar-vel.com.mx\/wp-content\/uploads\/2022\/04\/Rev-home3-img2-271x300.jpg 271w, https:\/\/gar-vel.com.mx\/wp-content\/uploads\/2022\/04\/Rev-home3-img2-923x1024.jpg 923w, https:\/\/gar-vel.com.mx\/wp-content\/uploads\/2022\/04\/Rev-home3-img2-768x852.jpg 768w\" sizes=\"(max-width: 972px) 100vw, 972px\" \/>\t<\/div>\n\t<\/div>\n\t\t<div class=\"swiper-pagination\"><\/div>\n<\/div>\n\t\t\t\t<\/div>\n\t\t\t\t<\/div>\n\t\t\t\t\t<\/div>\n\t\t<\/div>\n\t\t\t\t\t<\/div>\n\t\t<\/section>\n\t\t\t\t<section class=\"elementor-section elementor-top-section elementor-element elementor-element-ae2090b elementor-section-full_width elementor-section-height-default elementor-section-height-default qodef-elementor-content-no\" data-id=\"ae2090b\" data-element_type=\"section\">\n\t\t\t\t\t\t<div class=\"elementor-container elementor-column-gap-default\">\n\t\t\t\t\t<div class=\"elementor-column elementor-col-100 elementor-top-column elementor-element elementor-element-3e30324\" data-id=\"3e30324\" data-element_type=\"column\" data-settings=\"{&quot;background_background&quot;:&quot;classic&quot;}\">\n\t\t\t<div class=\"elementor-widget-wrap elementor-element-populated\">\n\t\t\t\t\t\t<section class=\"elementor-section elementor-inner-section elementor-element elementor-element-bb5a145 elementor-section-full_width qodef-custom-footer elementor-section-height-default elementor-section-height-default qodef-elementor-content-no\" data-id=\"bb5a145\" data-element_type=\"section\">\n\t\t\t\t\t\t<div class=\"elementor-container elementor-column-gap-default\">\n\t\t\t\t\t<div class=\"elementor-column elementor-col-50 elementor-inner-column elementor-element elementor-element-f31428e\" data-id=\"f31428e\" data-element_type=\"column\">\n\t\t\t<div class=\"elementor-widget-wrap elementor-element-populated\">\n\t\t\t\t\t\t<div class=\"elementor-element elementor-element-40fa1b2 elementor-widget elementor-widget-archicon_core_section_title\" data-id=\"40fa1b2\" data-element_type=\"widget\" data-widget_type=\"archicon_core_section_title.default\">\n\t\t\t\t<div class=\"elementor-widget-container\">\n\t\t\t\t\t<div class=\"qodef-shortcode qodef-m  qodef-section-title qodef-alignment--left   \"  >\n\t\t\t\t<\/div>\n\t\t\t\t<\/div>\n\t\t\t\t<\/div>\n\t\t\t\t<div class=\"elementor-element elementor-element-8b07c20 elementor-widget elementor-widget-archicon_core_section_title\" data-id=\"8b07c20\" data-element_type=\"widget\" data-widget_type=\"archicon_core_section_title.default\">\n\t\t\t\t<div class=\"elementor-widget-container\">\n\t\t\t\t\t<div class=\"qodef-shortcode qodef-m  qodef-section-title qodef-alignment--left   \"  >\n\t\t\t\t<\/div>\n\t\t\t\t<\/div>\n\t\t\t\t<\/div>\n\t\t\t\t<div class=\"elementor-element elementor-element-2749e04 elementor-widget__width-initial elementor-widget elementor-widget-archicon_core_section_title\" data-id=\"2749e04\" data-element_type=\"widget\" data-widget_type=\"archicon_core_section_title.default\">\n\t\t\t\t<div class=\"elementor-widget-container\">\n\t\t\t\t\t<div class=\"qodef-shortcode qodef-m  qodef-section-title qodef-alignment--left   \"  >\n\t\t\t<h5 class=\"qodef-m-title\" style=\"color: #ACACAC\">\n\t<span class=\"qodef-m-title-inner\" style=\"--qodef-st-custom-fs: 15px;--qodef-st-custom-fs-1440: 15px;--qodef-st-custom-fs-1366: 15px;--qodef-st-custom-fs-1024: 15px;--qodef-st-custom-fs-768: 15px;--qodef-st-custom-fs-680: 15px;--qodef-st-custom-lh: 33px;--qodef-st-custom-lh-1440: 33px;--qodef-st-custom-lh-1366: 33px;--qodef-st-custom-lh-1024: 33px;--qodef-st-custom-lh-768: 33px;--qodef-st-custom-lh-680: 33px\">\n\t\t\t<a class=\"qodef-m-link\" href=\"https:\/\/www.google.com\/maps\/place\/Skabersj%C3%B6gatan+46,+217+73+Malm%C3%B6,+Sweden\/@55.5893838,12.967874,17z\/data=!3m1!4b1!4m5!3m4!1s0x4653a6b12b66314b:0x13287055fc921e12!8m2!3d55.5893838!4d12.9700627\" target=\"_blank\" >Av. Paseo de las<\/a> Palmas No. 239- 201\t\t<\/span>\n\t<\/h5>\n\t\t<\/div>\n\t\t\t\t<\/div>\n\t\t\t\t<\/div>\n\t\t\t\t<div class=\"elementor-element elementor-element-6df4817 elementor-widget__width-initial elementor-widget elementor-widget-archicon_core_section_title\" data-id=\"6df4817\" data-element_type=\"widget\" data-widget_type=\"archicon_core_section_title.default\">\n\t\t\t\t<div class=\"elementor-widget-container\">\n\t\t\t\t\t<div class=\"qodef-shortcode qodef-m  qodef-section-title qodef-alignment--left   \"  >\n\t\t\t<h5 class=\"qodef-m-title\" style=\"color: #ACACAC\">\n\t<span class=\"qodef-m-title-inner\" style=\"--qodef-st-custom-fs: 15px;--qodef-st-custom-fs-1440: 15px;--qodef-st-custom-fs-1366: 15px;--qodef-st-custom-fs-1024: 15px;--qodef-st-custom-fs-768: 15px;--qodef-st-custom-fs-680: 15px;--qodef-st-custom-lh: 33px;--qodef-st-custom-lh-1440: 33px;--qodef-st-custom-lh-1366: 33px;--qodef-st-custom-lh-1024: 33px;--qodef-st-custom-lh-768: 33px;--qodef-st-custom-lh-680: 33px\">\n\t\t\t<a class=\"qodef-m-link\" href=\"https:\/\/www.google.com\/maps\/place\/Skabersj%C3%B6gatan+46,+217+73+Malm%C3%B6,+Sweden\/@55.5893838,12.967874,17z\/data=!3m1!4b1!4m5!3m4!1s0x4653a6b12b66314b:0x13287055fc921e12!8m2!3d55.5893838!4d12.9700627\" target=\"_blank\" >Col. Lomas de Chapultepec<\/a>\t\t<\/span>\n\t<\/h5>\n\t\t<\/div>\n\t\t\t\t<\/div>\n\t\t\t\t<\/div>\n\t\t\t\t<div class=\"elementor-element elementor-element-21f1be0 elementor-widget__width-initial elementor-widget elementor-widget-archicon_core_section_title\" data-id=\"21f1be0\" data-element_type=\"widget\" data-widget_type=\"archicon_core_section_title.default\">\n\t\t\t\t<div class=\"elementor-widget-container\">\n\t\t\t\t\t<div class=\"qodef-shortcode qodef-m  qodef-section-title qodef-alignment--left   \"  >\n\t\t\t<h5 class=\"qodef-m-title\" style=\"color: #ACACAC\">\n\t<span class=\"qodef-m-title-inner\" style=\"--qodef-st-custom-fs: 15px;--qodef-st-custom-fs-1440: 15px;--qodef-st-custom-fs-1366: 15px;--qodef-st-custom-fs-1024: 15px;--qodef-st-custom-fs-768: 15px;--qodef-st-custom-fs-680: 15px;--qodef-st-custom-lh: 33px;--qodef-st-custom-lh-1440: 33px;--qodef-st-custom-lh-1366: 33px;--qodef-st-custom-lh-1024: 33px;--qodef-st-custom-lh-768: 33px;--qodef-st-custom-lh-680: 33px\">\n\t\t\tC.P.\u00a01100\t\t<\/span>\n\t<\/h5>\n\t\t<\/div>\n\t\t\t\t<\/div>\n\t\t\t\t<\/div>\n\t\t\t\t<div class=\"elementor-element elementor-element-60d09c5 elementor-widget__width-initial elementor-widget elementor-widget-archicon_core_section_title\" data-id=\"60d09c5\" data-element_type=\"widget\" data-widget_type=\"archicon_core_section_title.default\">\n\t\t\t\t<div class=\"elementor-widget-container\">\n\t\t\t\t\t<div class=\"qodef-shortcode qodef-m  qodef-section-title qodef-alignment--left   \"  >\n\t\t\t<h5 class=\"qodef-m-title\" style=\"color: #ACACAC\">\n\t<span class=\"qodef-m-title-inner\" style=\"--qodef-st-custom-fs: 15px;--qodef-st-custom-fs-1440: 15px;--qodef-st-custom-fs-1366: 15px;--qodef-st-custom-fs-1024: 15px;--qodef-st-custom-fs-768: 15px;--qodef-st-custom-fs-680: 15px;--qodef-st-custom-lh: 33px;--qodef-st-custom-lh-1440: 33px;--qodef-st-custom-lh-1366: 33px;--qodef-st-custom-lh-1024: 33px;--qodef-st-custom-lh-768: 33px;--qodef-st-custom-lh-680: 33px\">\n\t\t\tCDMX M\u00e9xico\t\t<\/span>\n\t<\/h5>\n\t\t<\/div>\n\t\t\t\t<\/div>\n\t\t\t\t<\/div>\n\t\t\t\t<div class=\"elementor-element elementor-element-c63ff73 elementor-widget__width-initial elementor-widget elementor-widget-archicon_core_section_title\" data-id=\"c63ff73\" data-element_type=\"widget\" data-widget_type=\"archicon_core_section_title.default\">\n\t\t\t\t<div class=\"elementor-widget-container\">\n\t\t\t\t\t<div class=\"qodef-shortcode qodef-m  qodef-section-title qodef-alignment--left   \"  >\n\t\t\t<h5 class=\"qodef-m-title\" style=\"color: #ACACAC\">\n\t<span class=\"qodef-m-title-inner\" style=\"--qodef-st-custom-fs: 15px;--qodef-st-custom-fs-1440: 15px;--qodef-st-custom-fs-1366: 15px;--qodef-st-custom-fs-1024: 15px;--qodef-st-custom-fs-768: 15px;--qodef-st-custom-fs-680: 15px;--qodef-st-custom-lh: 33px;--qodef-st-custom-lh-1440: 33px;--qodef-st-custom-lh-1366: 33px;--qodef-st-custom-lh-1024: 33px;--qodef-st-custom-lh-768: 33px;--qodef-st-custom-lh-680: 33px\">\n\t\t\tTel. 5282-4300\t\t<\/span>\n\t<\/h5>\n\t\t<\/div>\n\t\t\t\t<\/div>\n\t\t\t\t<\/div>\n\t\t\t\t<div class=\"elementor-element elementor-element-70770eb elementor-widget__width-initial elementor-widget elementor-widget-archicon_core_section_title\" data-id=\"70770eb\" data-element_type=\"widget\" data-widget_type=\"archicon_core_section_title.default\">\n\t\t\t\t<div class=\"elementor-widget-container\">\n\t\t\t\t\t<div class=\"qodef-shortcode qodef-m  qodef-section-title qodef-alignment--left   \"  >\n\t\t\t<h5 class=\"qodef-m-title\" style=\"color: #ACACAC\">\n\t<span class=\"qodef-m-title-inner\" style=\"--qodef-st-custom-fs: 15px;--qodef-st-custom-fs-1440: 15px;--qodef-st-custom-fs-1366: 15px;--qodef-st-custom-fs-1024: 15px;--qodef-st-custom-fs-768: 15px;--qodef-st-custom-fs-680: 15px;--qodef-st-custom-lh: 33px;--qodef-st-custom-lh-1440: 33px;--qodef-st-custom-lh-1366: 33px;--qodef-st-custom-lh-1024: 33px;--qodef-st-custom-lh-768: 33px;--qodef-st-custom-lh-680: 33px\">\n\t\t\t 01800-0143800 Fax\u00a0\u00a05540-7086\t\t<\/span>\n\t<\/h5>\n\t\t<\/div>\n\t\t\t\t<\/div>\n\t\t\t\t<\/div>\n\t\t\t\t<div class=\"elementor-element elementor-element-aa11303 elementor-widget elementor-widget-archicon_core_section_title\" data-id=\"aa11303\" data-element_type=\"widget\" data-widget_type=\"archicon_core_section_title.default\">\n\t\t\t\t<div class=\"elementor-widget-container\">\n\t\t\t\t\t<div class=\"qodef-shortcode qodef-m  qodef-section-title qodef-alignment--left   \"  >\n\t\t\t<h5 class=\"qodef-m-title\" style=\"color: #ACACAC\">\n\t<span class=\"qodef-m-title-inner\" style=\"--qodef-st-custom-fs: 15px;--qodef-st-custom-fs-1440: 15px;--qodef-st-custom-fs-1366: 15px;--qodef-st-custom-fs-1024: 15px;--qodef-st-custom-fs-768: 15px;--qodef-st-custom-fs-680: 15px;--qodef-st-custom-lh: 33px;--qodef-st-custom-lh-1440: 33px;--qodef-st-custom-lh-1366: 33px;--qodef-st-custom-lh-1024: 33px;--qodef-st-custom-lh-768: 33px;--qodef-st-custom-lh-680: 33px\">\n\t\t\t<a class=\"qodef-m-link\" href=\"mailto:archicon@example.com\" target=\"_blank\" >ventas@gar-vel.com.mx<\/a>\t\t<\/span>\n\t<\/h5>\n\t\t<\/div>\n\t\t\t\t<\/div>\n\t\t\t\t<\/div>\n\t\t\t\t<div class=\"elementor-element elementor-element-f7abac4 elementor-widget elementor-widget-archicon_core_section_title\" data-id=\"f7abac4\" data-element_type=\"widget\" data-widget_type=\"archicon_core_section_title.default\">\n\t\t\t\t<div class=\"elementor-widget-container\">\n\t\t\t\t\t<div class=\"qodef-shortcode qodef-m  qodef-section-title qodef-alignment--left   \"  >\n\t\t\t<h5 class=\"qodef-m-title\" style=\"color: #ACACAC\">\n\t<span class=\"qodef-m-title-inner\" style=\"--qodef-st-custom-fs: 15px;--qodef-st-custom-fs-1440: 15px;--qodef-st-custom-fs-1366: 15px;--qodef-st-custom-fs-1024: 15px;--qodef-st-custom-fs-768: 15px;--qodef-st-custom-fs-680: 15px;--qodef-st-custom-lh: 33px;--qodef-st-custom-lh-1440: 33px;--qodef-st-custom-lh-1366: 33px;--qodef-st-custom-lh-1024: 33px;--qodef-st-custom-lh-768: 33px;--qodef-st-custom-lh-680: 33px\">\n\t\t\t\u00a9 2022 Gar-Vel\t\t<\/span>\n\t<\/h5>\n\t\t<\/div>\n\t\t\t\t<\/div>\n\t\t\t\t<\/div>\n\t\t\t\t\t<\/div>\n\t\t<\/div>\n\t\t\t\t<div class=\"elementor-column elementor-col-50 elementor-inner-column elementor-element elementor-element-26e81a6\" data-id=\"26e81a6\" data-element_type=\"column\">\n\t\t\t<div class=\"elementor-widget-wrap elementor-element-populated\">\n\t\t\t\t\t\t<div class=\"elementor-element elementor-element-382bd84 elementor-widget elementor-widget-archicon_core_section_title\" data-id=\"382bd84\" data-element_type=\"widget\" data-widget_type=\"archicon_core_section_title.default\">\n\t\t\t\t<div class=\"elementor-widget-container\">\n\t\t\t\t\t<div class=\"qodef-shortcode qodef-m  qodef-section-title qodef-alignment--left   \"  >\n\t\t\t\t<\/div>\n\t\t\t\t<\/div>\n\t\t\t\t<\/div>\n\t\t\t\t<div class=\"elementor-element elementor-element-8a96223 elementor-widget elementor-widget-archicon_core_section_title\" data-id=\"8a96223\" data-element_type=\"widget\" data-widget_type=\"archicon_core_section_title.default\">\n\t\t\t\t<div class=\"elementor-widget-container\">\n\t\t\t\t\t<div class=\"qodef-shortcode qodef-m  qodef-section-title qodef-alignment--left   \"  >\n\t\t\t\t<\/div>\n\t\t\t\t<\/div>\n\t\t\t\t<\/div>\n\t\t\t\t<div class=\"elementor-element elementor-element-09d7e87 elementor-widget elementor-widget-archicon_core_section_title\" data-id=\"09d7e87\" data-element_type=\"widget\" data-widget_type=\"archicon_core_section_title.default\">\n\t\t\t\t<div class=\"elementor-widget-container\">\n\t\t\t\t\t<div class=\"qodef-shortcode qodef-m  qodef-section-title qodef-alignment--left   \"  >\n\t\t\t<h5 class=\"qodef-m-title\" style=\"color: #ACACAC\">\n\t<span class=\"qodef-m-title-inner\" style=\"--qodef-st-custom-fs: 15px;--qodef-st-custom-fs-1440: 15px;--qodef-st-custom-fs-1366: 15px;--qodef-st-custom-fs-1024: 15px;--qodef-st-custom-fs-768: 15px;--qodef-st-custom-fs-680: 15px;--qodef-st-custom-lh: 33px;--qodef-st-custom-lh-1440: 33px;--qodef-st-custom-lh-1366: 33px;--qodef-st-custom-lh-1024: 33px;--qodef-st-custom-lh-768: 33px;--qodef-st-custom-lh-680: 33px\">\n\t\t\t<a class=\"qodef-m-link\" href=\"https:\/\/www.linkedin.com\/company\/qode-themes\/\" target=\"_blank\" >LinkedIn<\/a>\t\t<\/span>\n\t<\/h5>\n\t\t<\/div>\n\t\t\t\t<\/div>\n\t\t\t\t<\/div>\n\t\t\t\t\t<\/div>\n\t\t<\/div>\n\t\t\t\t\t<\/div>\n\t\t<\/section>\n\t\t\t\t\t<\/div>\n\t\t<\/div>\n\t\t\t\t\t<\/div>\n\t\t<\/section>\n\t\t\t\t<\/div>\n\t\t","protected":false},"excerpt":{"rendered":"<p>Encu\u00e9ntranosEncu\u00e9ntranos muy pronto P\u00e1gina en construcci\u00f3n Av. Paseo de las Palmas No. 239- 201 Col. Lomas de Chapultepec C.P.\u00a01100 CDMX M\u00e9xico Tel. 5282-4300 01800-0143800 Fax\u00a0\u00a05540-7086 ventas@gar-vel.com.mx \u00a9 2022 Gar-Vel LinkedIn<\/p>\n","protected":false},"author":1,"featured_media":0,"parent":0,"menu_order":0,"comment_status":"closed","ping_status":"closed","template":"page-full-width.php","meta":{"footnotes":""},"class_list":["post-2000","page","type-page","status-publish","hentry"],"_links":{"self":[{"href":"https:\/\/gar-vel.com.mx\/index.php\/wp-json\/wp\/v2\/pages\/2000","targetHints":{"allow":["GET"]}}],"collection":[{"href":"https:\/\/gar-vel.com.mx\/index.php\/wp-json\/wp\/v2\/pages"}],"about":[{"href":"https:\/\/gar-vel.com.mx\/index.php\/wp-json\/wp\/v2\/types\/page"}],"author":[{"embeddable":true,"href":"https:\/\/gar-vel.com.mx\/index.php\/wp-json\/wp\/v2\/users\/1"}],"replies":[{"embeddable":true,"href":"https:\/\/gar-vel.com.mx\/index.php\/wp-json\/wp\/v2\/comments?post=2000"}],"version-history":[{"count":6,"href":"https:\/\/gar-vel.com.mx\/index.php\/wp-json\/wp\/v2\/pages\/2000\/revisions"}],"predecessor-version":[{"id":13947,"href":"https:\/\/gar-vel.com.mx\/index.php\/wp-json\/wp\/v2\/pages\/2000\/revisions\/13947"}],"wp:attachment":[{"href":"https:\/\/gar-vel.com.mx\/index.php\/wp-json\/wp\/v2\/media?parent=2000"}],"curies":[{"name":"wp","href":"https:\/\/api.w.org\/{rel}","templated":true}]}}